{"id":6536,"date":"2024-08-14T13:51:25","date_gmt":"2024-08-14T13:51:25","guid":{"rendered":"https:\/\/dentinox.com.tr\/2024\/?page_id=6536"},"modified":"2024-10-05T08:37:57","modified_gmt":"2024-10-05T08:37:57","slug":"a-propos-de-nous","status":"publish","type":"page","link":"https:\/\/dent360.com.tr\/fr\/a-propos-de-nous\/","title":{"rendered":"\u00c0 propos de nous"},"content":{"rendered":"[vc_row type=&#8221;in_container&#8221; full_screen_row_position=&#8221;middle&#8221; column_margin=&#8221;default&#8221; equal_height=&#8221;yes&#8221; content_placement=&#8221;middle&#8221; column_direction=&#8221;default&#8221; column_direction_tablet=&#8221;default&#8221; column_direction_phone=&#8221;default&#8221; scene_position=&#8221;center&#8221; top_margin=&#8221;50&#8243; text_color=&#8221;dark&#8221; text_align=&#8221;left&#8221; row_border_radius=&#8221;20px&#8221; row_border_radius_applies=&#8221;bg&#8221; overflow=&#8221;visible&#8221; overlay_strength=&#8221;0.3&#8243; gradient_direction=&#8221;left_b_to_right_t&#8221; shape_divider_position=&#8221;bottom&#8221; bg_image_animation=&#8221;none&#8221; gradient_type=&#8221;default&#8221; shape_type=&#8221;&#8221;][vc_column column_padding=&#8221;padding-3-percent&#8221; column_padding_tablet=&#8221;inherit&#8221; column_padding_phone=&#8221;inherit&#8221; column_padding_position=&#8221;all&#8221; column_element_direction_desktop=&#8221;default&#8221; column_element_spacing=&#8221;default&#8221; desktop_text_alignment=&#8221;default&#8221; tablet_text_alignment=&#8221;default&#8221; phone_text_alignment=&#8221;default&#8221; background_color_opacity=&#8221;1&#8243; background_hover_color_opacity=&#8221;1&#8243; column_backdrop_filter=&#8221;none&#8221; column_shadow=&#8221;none&#8221; column_border_radius=&#8221;none&#8221; column_link_target=&#8221;_self&#8221; column_position=&#8221;default&#8221; gradient_direction=&#8221;left_to_right&#8221; overlay_strength=&#8221;0.3&#8243; width=&#8221;1\/2&#8243; tablet_width_inherit=&#8221;default&#8221; animation_type=&#8221;default&#8221; bg_image_animation=&#8221;none&#8221; border_type=&#8221;simple&#8221; column_border_width=&#8221;none&#8221; column_border_style=&#8221;solid&#8221; column_padding_type=&#8221;default&#8221; gradient_type=&#8221;default&#8221;][vc_column_text css=&#8221;&#8221; text_direction=&#8221;default&#8221;]\n<div class=\"c5-page-info-inner\">\n<div class=\"c5-page-info-wrap\">\n<div class=\"container\">\n<div class=\"c5-content\">\n<p>Nous sommes l\u00e0 pour changer votre vie, pas seulement votre sourire. Notre priorit\u00e9 est de vous traiter dans l&#8217;environnement le plus paisible, le plus moderne et le plus relaxant.<\/p>\n<p><strong>Dent360<\/strong>, bas\u00e9 sur le principe de la \u00ab satisfaction du patient \u00bb, offre des services de sant\u00e9 bucco-dentaire modernes, fiables, attentifs, amicaux et de haute qualit\u00e9 gr\u00e2ce \u00e0 un \u00e9quipement technologique de pointe.<\/p>\n<p>Sant\u00e9 bucco-dentaire \u00e0 360 degr\u00e9s&#8230;<\/p>\n<\/div>\n<\/div>\n<\/div>\n<\/div>\n[\/vc_column_text][\/vc_column][vc_column column_padding=&#8221;no-extra-padding&#8221; column_padding_tablet=&#8221;inherit&#8221; column_padding_phone=&#8221;inherit&#8221; column_padding_position=&#8221;all&#8221; column_element_direction_desktop=&#8221;default&#8221; column_element_spacing=&#8221;default&#8221; desktop_text_alignment=&#8221;default&#8221; tablet_text_alignment=&#8221;default&#8221; phone_text_alignment=&#8221;default&#8221; background_color_opacity=&#8221;1&#8243; background_hover_color_opacity=&#8221;1&#8243; column_backdrop_filter=&#8221;none&#8221; column_shadow=&#8221;none&#8221; column_border_radius=&#8221;none&#8221; column_link_target=&#8221;_self&#8221; column_position=&#8221;default&#8221; gradient_direction=&#8221;left_to_right&#8221; overlay_strength=&#8221;0.3&#8243; width=&#8221;1\/2&#8243; tablet_width_inherit=&#8221;default&#8221; animation_type=&#8221;default&#8221; bg_image_animation=&#8221;none&#8221; border_type=&#8221;simple&#8221; column_border_width=&#8221;none&#8221; column_border_style=&#8221;solid&#8221;][image_with_animation image_url=&#8221;6554&#8243; image_size=&#8221;full&#8221; animation_type=&#8221;entrance&#8221; animation=&#8221;None&#8221; animation_movement_type=&#8221;transform_y&#8221; hover_animation=&#8221;none&#8221; alignment=&#8221;&#8221; border_radius=&#8221;custom&#8221; box_shadow=&#8221;none&#8221; top_left_border_radius=&#8221;20&#8243; top_right_border_radius=&#8221;50&#8243; bottom_right_border_radius=&#8221;20&#8243; bottom_left_border_radius=&#8221;50&#8243; image_loading=&#8221;default&#8221; max_width=&#8221;100%&#8221; max_width_mobile=&#8221;default&#8221;][\/vc_column][\/vc_row][vc_row type=&#8221;in_container&#8221; full_screen_row_position=&#8221;middle&#8221; column_margin=&#8221;default&#8221; equal_height=&#8221;yes&#8221; content_placement=&#8221;middle&#8221; column_direction=&#8221;default&#8221; column_direction_tablet=&#8221;default&#8221; column_direction_phone=&#8221;default&#8221; scene_position=&#8221;center&#8221; top_margin=&#8221;50&#8243; text_color=&#8221;dark&#8221; text_align=&#8221;left&#8221; row_border_radius=&#8221;20px&#8221; row_border_radius_applies=&#8221;bg&#8221; overflow=&#8221;visible&#8221; overlay_strength=&#8221;0.3&#8243; gradient_direction=&#8221;left_b_to_right_t&#8221; shape_divider_position=&#8221;bottom&#8221; bg_image_animation=&#8221;none&#8221; gradient_type=&#8221;default&#8221; shape_type=&#8221;&#8221;][vc_column column_padding=&#8221;padding-3-percent&#8221; column_padding_tablet=&#8221;inherit&#8221; column_padding_phone=&#8221;inherit&#8221; column_padding_position=&#8221;all&#8221; column_element_direction_desktop=&#8221;default&#8221; column_element_spacing=&#8221;default&#8221; desktop_text_alignment=&#8221;default&#8221; tablet_text_alignment=&#8221;default&#8221; phone_text_alignment=&#8221;default&#8221; background_color_opacity=&#8221;1&#8243; background_hover_color_opacity=&#8221;1&#8243; column_backdrop_filter=&#8221;none&#8221; column_shadow=&#8221;none&#8221; column_border_radius=&#8221;none&#8221; column_link_target=&#8221;_self&#8221; column_position=&#8221;default&#8221; gradient_direction=&#8221;left_to_right&#8221; overlay_strength=&#8221;0.3&#8243; width=&#8221;1\/2&#8243; tablet_width_inherit=&#8221;default&#8221; animation_type=&#8221;default&#8221; bg_image_animation=&#8221;none&#8221; border_type=&#8221;simple&#8221; column_border_width=&#8221;none&#8221; column_border_style=&#8221;solid&#8221; column_padding_type=&#8221;default&#8221; gradient_type=&#8221;default&#8221;][image_with_animation image_url=&#8221;6550&#8243; image_size=&#8221;full&#8221; animation_type=&#8221;entrance&#8221; animation=&#8221;None&#8221; animation_movement_type=&#8221;transform_y&#8221; hover_animation=&#8221;none&#8221; alignment=&#8221;&#8221; border_radius=&#8221;custom&#8221; box_shadow=&#8221;none&#8221; top_left_border_radius=&#8221;20&#8243; top_right_border_radius=&#8221;50&#8243; bottom_right_border_radius=&#8221;20&#8243; bottom_left_border_radius=&#8221;50&#8243; image_loading=&#8221;default&#8221; max_width=&#8221;100%&#8221; max_width_mobile=&#8221;default&#8221;][\/vc_column][vc_column column_padding=&#8221;no-extra-padding&#8221; column_padding_tablet=&#8221;inherit&#8221; column_padding_phone=&#8221;inherit&#8221; column_padding_position=&#8221;all&#8221; column_element_direction_desktop=&#8221;default&#8221; column_element_spacing=&#8221;default&#8221; desktop_text_alignment=&#8221;default&#8221; tablet_text_alignment=&#8221;default&#8221; phone_text_alignment=&#8221;default&#8221; background_color_opacity=&#8221;1&#8243; background_hover_color_opacity=&#8221;1&#8243; column_backdrop_filter=&#8221;none&#8221; column_shadow=&#8221;none&#8221; column_border_radius=&#8221;none&#8221; column_link_target=&#8221;_self&#8221; column_position=&#8221;default&#8221; gradient_direction=&#8221;left_to_right&#8221; overlay_strength=&#8221;0.3&#8243; width=&#8221;1\/2&#8243; tablet_width_inherit=&#8221;default&#8221; animation_type=&#8221;default&#8221; bg_image_animation=&#8221;none&#8221; border_type=&#8221;simple&#8221; column_border_width=&#8221;none&#8221; column_border_style=&#8221;solid&#8221;][vc_column_text css=&#8221;&#8221; text_direction=&#8221;default&#8221;]\n<h2>Notre mission<\/h2>\n<p>Contrairement aux autres cliniques de sant\u00e9 bucco-dentaire, Dent360 s&#8217;efforce de prot\u00e9ger et de restaurer votre sant\u00e9 bucco-dentaire en priorit\u00e9 gr\u00e2ce aux technologies et \u00e9quipements les plus modernes et aux m\u00e9thodes de traitement les plus r\u00e9centes.[\/vc_column_text][\/vc_column][\/vc_row][vc_row type=&#8221;in_container&#8221; full_screen_row_position=&#8221;middle&#8221; column_margin=&#8221;default&#8221; equal_height=&#8221;yes&#8221; content_placement=&#8221;middle&#8221; column_direction=&#8221;default&#8221; column_direction_tablet=&#8221;default&#8221; column_direction_phone=&#8221;default&#8221; scene_position=&#8221;center&#8221; top_margin=&#8221;50&#8243; text_color=&#8221;dark&#8221; text_align=&#8221;left&#8221; row_border_radius=&#8221;20px&#8221; row_border_radius_applies=&#8221;bg&#8221; overflow=&#8221;visible&#8221; overlay_strength=&#8221;0.3&#8243; gradient_direction=&#8221;left_b_to_right_t&#8221; shape_divider_position=&#8221;bottom&#8221; bg_image_animation=&#8221;none&#8221; gradient_type=&#8221;default&#8221; shape_type=&#8221;&#8221;][vc_column column_padding=&#8221;padding-3-percent&#8221; column_padding_tablet=&#8221;inherit&#8221; column_padding_phone=&#8221;inherit&#8221; column_padding_position=&#8221;all&#8221; column_element_direction_desktop=&#8221;default&#8221; column_element_spacing=&#8221;default&#8221; desktop_text_alignment=&#8221;default&#8221; tablet_text_alignment=&#8221;default&#8221; phone_text_alignment=&#8221;default&#8221; background_color_opacity=&#8221;1&#8243; background_hover_color_opacity=&#8221;1&#8243; column_backdrop_filter=&#8221;none&#8221; column_shadow=&#8221;none&#8221; column_border_radius=&#8221;none&#8221; column_link_target=&#8221;_self&#8221; column_position=&#8221;default&#8221; gradient_direction=&#8221;left_to_right&#8221; overlay_strength=&#8221;0.3&#8243; width=&#8221;1\/2&#8243; tablet_width_inherit=&#8221;default&#8221; animation_type=&#8221;default&#8221; bg_image_animation=&#8221;none&#8221; border_type=&#8221;simple&#8221; column_border_width=&#8221;none&#8221; column_border_style=&#8221;solid&#8221; column_padding_type=&#8221;default&#8221; gradient_type=&#8221;default&#8221;][vc_column_text css=&#8221;&#8221; text_direction=&#8221;default&#8221;]\n<h2>Notre vision<\/h2>\n<p>Bas\u00e9 sur le principe de la \u00ab satisfaction du patient \u00bb, Dent360 continuera \u00e0 fournir des services de sant\u00e9 bucco-dentaire modernes, fiables, attentifs, amicaux et de haute qualit\u00e9 avec les m\u00e9thodes de traitement les plus r\u00e9centes et un \u00e9quipement technologique de pointe.[\/vc_column_text][\/vc_column][vc_column column_padding=&#8221;no-extra-padding&#8221; column_padding_tablet=&#8221;inherit&#8221; column_padding_phone=&#8221;inherit&#8221; column_padding_position=&#8221;all&#8221; column_element_direction_desktop=&#8221;default&#8221; column_element_spacing=&#8221;default&#8221; desktop_text_alignment=&#8221;default&#8221; tablet_text_alignment=&#8221;default&#8221; phone_text_alignment=&#8221;default&#8221; background_color_opacity=&#8221;1&#8243; background_hover_color_opacity=&#8221;1&#8243; column_backdrop_filter=&#8221;none&#8221; column_shadow=&#8221;none&#8221; column_border_radius=&#8221;none&#8221; column_link_target=&#8221;_self&#8221; column_position=&#8221;default&#8221; gradient_direction=&#8221;left_to_right&#8221; overlay_strength=&#8221;0.3&#8243; width=&#8221;1\/2&#8243; tablet_width_inherit=&#8221;default&#8221; animation_type=&#8221;default&#8221; bg_image_animation=&#8221;none&#8221; border_type=&#8221;simple&#8221; column_border_width=&#8221;none&#8221; column_border_style=&#8221;solid&#8221;][image_with_animation image_url=&#8221;6552&#8243; image_size=&#8221;full&#8221; animation_type=&#8221;entrance&#8221; animation=&#8221;None&#8221; animation_movement_type=&#8221;transform_y&#8221; hover_animation=&#8221;none&#8221; alignment=&#8221;&#8221; border_radius=&#8221;custom&#8221; box_shadow=&#8221;none&#8221; top_left_border_radius=&#8221;20&#8243; top_right_border_radius=&#8221;50&#8243; bottom_right_border_radius=&#8221;20&#8243; bottom_left_border_radius=&#8221;50&#8243; image_loading=&#8221;default&#8221; max_width=&#8221;100%&#8221; max_width_mobile=&#8221;default&#8221;][\/vc_column][\/vc_row]\n","protected":false},"excerpt":{"rendered":"<p>[vc_row type=&#8221;in_container&#8221; full_screen_row_position=&#8221;middle&#8221; column_margin=&#8221;default&#8221; equal_height=&#8221;yes&#8221; content_placement=&#8221;middle&#8221; column_direction=&#8221;default&#8221; column_direction_tablet=&#8221;default&#8221; column_direction_phone=&#8221;default&#8221; scene_position=&#8221;center&#8221; top_margin=&#8221;50&#8243; text_color=&#8221;dark&#8221; text_align=&#8221;left&#8221; row_border_radius=&#8221;20px&#8221; row_border_radius_applies=&#8221;bg&#8221; overflow=&#8221;visible&#8221; overlay_strength=&#8221;0.3&#8243; gradient_direction=&#8221;left_b_to_right_t&#8221; shape_divider_position=&#8221;bottom&#8221; bg_image_animation=&#8221;none&#8221; gradient_type=&#8221;default&#8221; shape_type=&#8221;&#8221;][vc_column column_padding=&#8221;padding-3-percent&#8221; column_padding_tablet=&#8221;inherit&#8221; column_padding_phone=&#8221;inherit&#8221; column_padding_position=&#8221;all&#8221; column_element_direction_desktop=&#8221;default&#8221; column_element_spacing=&#8221;default&#8221; desktop_text_alignment=&#8221;default&#8221; tablet_text_alignment=&#8221;default&#8221;&#8230;<\/p>\n","protected":false},"author":1,"featured_media":6554,"parent":0,"menu_order":3,"comment_status":"closed","ping_status":"closed","template":"","meta":{"footnotes":""},"class_list":["post-6536","page","type-page","status-publish","has-post-thumbnail"],"yoast_head":"<!-- This site is optimized with the Yoast SEO plugin v23.9 - https:\/\/yoast.com\/wordpress\/plugins\/seo\/ -->\n<title>\u00c0 propos de nous - Clinique Dentaire Dent360 - Istanbul<\/title>\n<meta name=\"robots\" content=\"index, follow, max-snippet:-1, max-image-preview:large, max-video-preview:-1\" \/>\n<link rel=\"canonical\" href=\"https:\/\/dent360.com.tr\/fr\/a-propos-de-nous\/\" \/>\n<meta property=\"og:locale\" content=\"tr_TR\" \/>\n<meta property=\"og:type\" content=\"article\" \/>\n<meta property=\"og:title\" content=\"\u00c0 propos de nous - Clinique Dentaire Dent360 - Istanbul\" \/>\n<meta property=\"og:description\" content=\"[vc_row type=&#8221;in_container&#8221; full_screen_row_position=&#8221;middle&#8221; column_margin=&#8221;default&#8221; equal_height=&#8221;yes&#8221; content_placement=&#8221;middle&#8221; column_direction=&#8221;default&#8221; column_direction_tablet=&#8221;default&#8221; column_direction_phone=&#8221;default&#8221; scene_position=&#8221;center&#8221; top_margin=&#8221;50&#8243; text_color=&#8221;dark&#8221; text_align=&#8221;left&#8221; row_border_radius=&#8221;20px&#8221; row_border_radius_applies=&#8221;bg&#8221; overflow=&#8221;visible&#8221; overlay_strength=&#8221;0.3&#8243; gradient_direction=&#8221;left_b_to_right_t&#8221; shape_divider_position=&#8221;bottom&#8221; bg_image_animation=&#8221;none&#8221; gradient_type=&#8221;default&#8221; shape_type=&#8221;&#8221;][vc_column column_padding=&#8221;padding-3-percent&#8221; column_padding_tablet=&#8221;inherit&#8221; column_padding_phone=&#8221;inherit&#8221; column_padding_position=&#8221;all&#8221; column_element_direction_desktop=&#8221;default&#8221; column_element_spacing=&#8221;default&#8221; desktop_text_alignment=&#8221;default&#8221; tablet_text_alignment=&#8221;default&#8221;...\" \/>\n<meta property=\"og:url\" content=\"https:\/\/dent360.com.tr\/fr\/a-propos-de-nous\/\" \/>\n<meta property=\"og:site_name\" content=\"Clinique Dentaire Dent360 - Istanbul\" \/>\n<meta property=\"article:publisher\" content=\"https:\/\/www.facebook.com\/dent360agizvedis\/\" \/>\n<meta property=\"article:modified_time\" content=\"2024-10-05T08:37:57+00:00\" \/>\n<meta property=\"og:image\" content=\"https:\/\/dent360.com.tr\/fr\/wp-content\/uploads\/2024\/08\/dis-hastanesi-beylikduzu.png\" \/>\n\t<meta property=\"og:image:width\" content=\"1050\" \/>\n\t<meta property=\"og:image:height\" content=\"701\" \/>\n\t<meta property=\"og:image:type\" content=\"image\/png\" \/>\n<meta name=\"twitter:card\" content=\"summary_large_image\" \/>\n<meta name=\"twitter:label1\" content=\"Tahmini okuma s\u00fcresi\" \/>\n\t<meta name=\"twitter:data1\" content=\"6 dakika\" \/>\n<script type=\"application\/ld+json\" class=\"yoast-schema-graph\">{\"@context\":\"https:\/\/schema.org\",\"@graph\":[{\"@type\":\"WebPage\",\"@id\":\"https:\/\/dent360.com.tr\/fr\/a-propos-de-nous\/\",\"url\":\"https:\/\/dent360.com.tr\/fr\/a-propos-de-nous\/\",\"name\":\"\u00c0 propos de nous - Clinique Dentaire Dent360 - Istanbul\",\"isPartOf\":{\"@id\":\"https:\/\/dent360.com.tr\/fr\/#website\"},\"primaryImageOfPage\":{\"@id\":\"https:\/\/dent360.com.tr\/fr\/a-propos-de-nous\/#primaryimage\"},\"image\":{\"@id\":\"https:\/\/dent360.com.tr\/fr\/a-propos-de-nous\/#primaryimage\"},\"thumbnailUrl\":\"https:\/\/dent360.com.tr\/fr\/wp-content\/uploads\/2024\/08\/dis-hastanesi-beylikduzu.png\",\"datePublished\":\"2024-08-14T13:51:25+00:00\",\"dateModified\":\"2024-10-05T08:37:57+00:00\",\"breadcrumb\":{\"@id\":\"https:\/\/dent360.com.tr\/fr\/a-propos-de-nous\/#breadcrumb\"},\"inLanguage\":\"tr\",\"potentialAction\":[{\"@type\":\"ReadAction\",\"target\":[\"https:\/\/dent360.com.tr\/fr\/a-propos-de-nous\/\"]}]},{\"@type\":\"ImageObject\",\"inLanguage\":\"tr\",\"@id\":\"https:\/\/dent360.com.tr\/fr\/a-propos-de-nous\/#primaryimage\",\"url\":\"https:\/\/dent360.com.tr\/fr\/wp-content\/uploads\/2024\/08\/dis-hastanesi-beylikduzu.png\",\"contentUrl\":\"https:\/\/dent360.com.tr\/fr\/wp-content\/uploads\/2024\/08\/dis-hastanesi-beylikduzu.png\",\"width\":1050,\"height\":701},{\"@type\":\"BreadcrumbList\",\"@id\":\"https:\/\/dent360.com.tr\/fr\/a-propos-de-nous\/#breadcrumb\",\"itemListElement\":[{\"@type\":\"ListItem\",\"position\":1,\"name\":\"Accueil\",\"item\":\"https:\/\/dent360.com.tr\/fr\/\"},{\"@type\":\"ListItem\",\"position\":2,\"name\":\"\u00c0 propos de nous\"}]},{\"@type\":\"WebSite\",\"@id\":\"https:\/\/dent360.com.tr\/fr\/#website\",\"url\":\"https:\/\/dent360.com.tr\/fr\/\",\"name\":\"Clinique Dentaire Dent360 - Istanbul\",\"description\":\"Clinique dentaire en Turquie, Istanbul\",\"publisher\":{\"@id\":\"https:\/\/dent360.com.tr\/fr\/#organization\"},\"potentialAction\":[{\"@type\":\"SearchAction\",\"target\":{\"@type\":\"EntryPoint\",\"urlTemplate\":\"https:\/\/dent360.com.tr\/fr\/?s={search_term_string}\"},\"query-input\":{\"@type\":\"PropertyValueSpecification\",\"valueRequired\":true,\"valueName\":\"search_term_string\"}}],\"inLanguage\":\"tr\"},{\"@type\":\"Organization\",\"@id\":\"https:\/\/dent360.com.tr\/fr\/#organization\",\"name\":\"Clinique Dentaire Dent360 - Istanbul\",\"url\":\"https:\/\/dent360.com.tr\/fr\/\",\"logo\":{\"@type\":\"ImageObject\",\"inLanguage\":\"tr\",\"@id\":\"https:\/\/dent360.com.tr\/fr\/#\/schema\/logo\/image\/\",\"url\":\"https:\/\/dent360.com.tr\/fr\/wp-content\/uploads\/2024\/11\/dent360.webp\",\"contentUrl\":\"https:\/\/dent360.com.tr\/fr\/wp-content\/uploads\/2024\/11\/dent360.webp\",\"width\":600,\"height\":400,\"caption\":\"Clinique Dentaire Dent360 - Istanbul\"},\"image\":{\"@id\":\"https:\/\/dent360.com.tr\/fr\/#\/schema\/logo\/image\/\"},\"sameAs\":[\"https:\/\/www.facebook.com\/dent360agizvedis\/\",\"https:\/\/www.instagram.com\/dent360clinic\/\",\"https:\/\/www.youtube.com\/@dent360\"]}]}<\/script>\n<!-- \/ Yoast SEO plugin. -->","yoast_head_json":{"title":"\u00c0 propos de nous - Clinique Dentaire Dent360 - Istanbul","robots":{"index":"index","follow":"follow","max-snippet":"max-snippet:-1","max-image-preview":"max-image-preview:large","max-video-preview":"max-video-preview:-1"},"canonical":"https:\/\/dent360.com.tr\/fr\/a-propos-de-nous\/","og_locale":"tr_TR","og_type":"article","og_title":"\u00c0 propos de nous - Clinique Dentaire Dent360 - Istanbul","og_description":"[vc_row type=&#8221;in_container&#8221; full_screen_row_position=&#8221;middle&#8221; column_margin=&#8221;default&#8221; equal_height=&#8221;yes&#8221; content_placement=&#8221;middle&#8221; column_direction=&#8221;default&#8221; column_direction_tablet=&#8221;default&#8221; column_direction_phone=&#8221;default&#8221; scene_position=&#8221;center&#8221; top_margin=&#8221;50&#8243; text_color=&#8221;dark&#8221; text_align=&#8221;left&#8221; row_border_radius=&#8221;20px&#8221; row_border_radius_applies=&#8221;bg&#8221; overflow=&#8221;visible&#8221; overlay_strength=&#8221;0.3&#8243; gradient_direction=&#8221;left_b_to_right_t&#8221; shape_divider_position=&#8221;bottom&#8221; bg_image_animation=&#8221;none&#8221; gradient_type=&#8221;default&#8221; shape_type=&#8221;&#8221;][vc_column column_padding=&#8221;padding-3-percent&#8221; column_padding_tablet=&#8221;inherit&#8221; column_padding_phone=&#8221;inherit&#8221; column_padding_position=&#8221;all&#8221; column_element_direction_desktop=&#8221;default&#8221; column_element_spacing=&#8221;default&#8221; desktop_text_alignment=&#8221;default&#8221; tablet_text_alignment=&#8221;default&#8221;...","og_url":"https:\/\/dent360.com.tr\/fr\/a-propos-de-nous\/","og_site_name":"Clinique Dentaire Dent360 - Istanbul","article_publisher":"https:\/\/www.facebook.com\/dent360agizvedis\/","article_modified_time":"2024-10-05T08:37:57+00:00","og_image":[{"width":1050,"height":701,"url":"https:\/\/dent360.com.tr\/fr\/wp-content\/uploads\/2024\/08\/dis-hastanesi-beylikduzu.png","type":"image\/png"}],"twitter_card":"summary_large_image","twitter_misc":{"Tahmini okuma s\u00fcresi":"6 dakika"},"schema":{"@context":"https:\/\/schema.org","@graph":[{"@type":"WebPage","@id":"https:\/\/dent360.com.tr\/fr\/a-propos-de-nous\/","url":"https:\/\/dent360.com.tr\/fr\/a-propos-de-nous\/","name":"\u00c0 propos de nous - Clinique Dentaire Dent360 - Istanbul","isPartOf":{"@id":"https:\/\/dent360.com.tr\/fr\/#website"},"primaryImageOfPage":{"@id":"https:\/\/dent360.com.tr\/fr\/a-propos-de-nous\/#primaryimage"},"image":{"@id":"https:\/\/dent360.com.tr\/fr\/a-propos-de-nous\/#primaryimage"},"thumbnailUrl":"https:\/\/dent360.com.tr\/fr\/wp-content\/uploads\/2024\/08\/dis-hastanesi-beylikduzu.png","datePublished":"2024-08-14T13:51:25+00:00","dateModified":"2024-10-05T08:37:57+00:00","breadcrumb":{"@id":"https:\/\/dent360.com.tr\/fr\/a-propos-de-nous\/#breadcrumb"},"inLanguage":"tr","potentialAction":[{"@type":"ReadAction","target":["https:\/\/dent360.com.tr\/fr\/a-propos-de-nous\/"]}]},{"@type":"ImageObject","inLanguage":"tr","@id":"https:\/\/dent360.com.tr\/fr\/a-propos-de-nous\/#primaryimage","url":"https:\/\/dent360.com.tr\/fr\/wp-content\/uploads\/2024\/08\/dis-hastanesi-beylikduzu.png","contentUrl":"https:\/\/dent360.com.tr\/fr\/wp-content\/uploads\/2024\/08\/dis-hastanesi-beylikduzu.png","width":1050,"height":701},{"@type":"BreadcrumbList","@id":"https:\/\/dent360.com.tr\/fr\/a-propos-de-nous\/#breadcrumb","itemListElement":[{"@type":"ListItem","position":1,"name":"Accueil","item":"https:\/\/dent360.com.tr\/fr\/"},{"@type":"ListItem","position":2,"name":"\u00c0 propos de nous"}]},{"@type":"WebSite","@id":"https:\/\/dent360.com.tr\/fr\/#website","url":"https:\/\/dent360.com.tr\/fr\/","name":"Clinique Dentaire Dent360 - Istanbul","description":"Clinique dentaire en Turquie, Istanbul","publisher":{"@id":"https:\/\/dent360.com.tr\/fr\/#organization"},"potentialAction":[{"@type":"SearchAction","target":{"@type":"EntryPoint","urlTemplate":"https:\/\/dent360.com.tr\/fr\/?s={search_term_string}"},"query-input":{"@type":"PropertyValueSpecification","valueRequired":true,"valueName":"search_term_string"}}],"inLanguage":"tr"},{"@type":"Organization","@id":"https:\/\/dent360.com.tr\/fr\/#organization","name":"Clinique Dentaire Dent360 - Istanbul","url":"https:\/\/dent360.com.tr\/fr\/","logo":{"@type":"ImageObject","inLanguage":"tr","@id":"https:\/\/dent360.com.tr\/fr\/#\/schema\/logo\/image\/","url":"https:\/\/dent360.com.tr\/fr\/wp-content\/uploads\/2024\/11\/dent360.webp","contentUrl":"https:\/\/dent360.com.tr\/fr\/wp-content\/uploads\/2024\/11\/dent360.webp","width":600,"height":400,"caption":"Clinique Dentaire Dent360 - Istanbul"},"image":{"@id":"https:\/\/dent360.com.tr\/fr\/#\/schema\/logo\/image\/"},"sameAs":["https:\/\/www.facebook.com\/dent360agizvedis\/","https:\/\/www.instagram.com\/dent360clinic\/","https:\/\/www.youtube.com\/@dent360"]}]}},"_links":{"self":[{"href":"https:\/\/dent360.com.tr\/fr\/wp-json\/wp\/v2\/pages\/6536","targetHints":{"allow":["GET"]}}],"collection":[{"href":"https:\/\/dent360.com.tr\/fr\/wp-json\/wp\/v2\/pages"}],"about":[{"href":"https:\/\/dent360.com.tr\/fr\/wp-json\/wp\/v2\/types\/page"}],"author":[{"embeddable":true,"href":"https:\/\/dent360.com.tr\/fr\/wp-json\/wp\/v2\/users\/1"}],"replies":[{"embeddable":true,"href":"https:\/\/dent360.com.tr\/fr\/wp-json\/wp\/v2\/comments?post=6536"}],"version-history":[{"count":7,"href":"https:\/\/dent360.com.tr\/fr\/wp-json\/wp\/v2\/pages\/6536\/revisions"}],"predecessor-version":[{"id":7015,"href":"https:\/\/dent360.com.tr\/fr\/wp-json\/wp\/v2\/pages\/6536\/revisions\/7015"}],"wp:featuredmedia":[{"embeddable":true,"href":"https:\/\/dent360.com.tr\/fr\/wp-json\/wp\/v2\/media\/6554"}],"wp:attachment":[{"href":"https:\/\/dent360.com.tr\/fr\/wp-json\/wp\/v2\/media?parent=6536"}],"curies":[{"name":"wp","href":"https:\/\/api.w.org\/{rel}","templated":true}]}}